{"id":16282,"date":"2018-10-03T10:07:59","date_gmt":"2018-10-03T10:07:59","guid":{"rendered":"https:\/\/www.miguel-arranz.com\/portrait-gallery\/"},"modified":"2024-02-29T10:49:09","modified_gmt":"2024-02-29T10:49:09","slug":"fotografo-de-retratos-mallorca","status":"publish","type":"page","link":"https:\/\/www.miguel-arranz.com\/es\/fotografo-de-retratos-mallorca\/","title":{"rendered":"Fot\u00f3grafo de retratos Mallorca"},"content":{"rendered":"<div class=\"divider one\">&nbsp;<\/div>\n<div class=\"divider one\">&nbsp;<\/div>\n<div class=\"divider one\">&nbsp;<\/div>\n<div class=\"divider one\">&nbsp;<\/div>\n<div class=\"divider one\">&nbsp;<\/div>\n<div  class=\"one\" ><\/div>\n","protected":false},"excerpt":{"rendered":"","protected":false},"author":1,"featured_media":0,"parent":0,"menu_order":0,"comment_status":"closed","ping_status":"closed","template":"","meta":{"_exactmetrics_skip_tracking":false,"_exactmetrics_sitenote_active":false,"_exactmetrics_sitenote_note":"","_exactmetrics_sitenote_category":0,"footnotes":""},"class_list":["post-16282","page","type-page","status-publish","hentry"],"yoast_head":"<!-- This site is optimized with the Yoast SEO plugin v27.3 - https:\/\/yoast.com\/product\/yoast-seo-wordpress\/ -->\n<title>Fot\u00f3grafo de retratos Mallorca<\/title>\n<meta name=\"description\" content=\"Fot\u00f3grafo de retratos Mallorca. Fotograf\u00eda de tocador. Libros modelo. Moda. Modelos de agencia de fot\u00f3grafos. Fotograf\u00eda art\u00edstica.\" \/>\n<meta name=\"robots\" content=\"index, follow, max-snippet:-1, max-image-preview:large, max-video-preview:-1\" \/>\n<link rel=\"canonical\" href=\"https:\/\/www.miguel-arranz.com\/es\/fotografo-de-retratos-mallorca\/\" \/>\n<meta property=\"og:locale\" content=\"es_ES\" \/>\n<meta property=\"og:type\" content=\"article\" \/>\n<meta property=\"og:title\" content=\"Fot\u00f3grafo de retratos Mallorca\" \/>\n<meta property=\"og:description\" content=\"Fot\u00f3grafo de retratos Mallorca. Fotograf\u00eda de tocador. Libros modelo. Moda. Modelos de agencia de fot\u00f3grafos. Fotograf\u00eda art\u00edstica.\" \/>\n<meta property=\"og:url\" content=\"https:\/\/www.miguel-arranz.com\/es\/fotografo-de-retratos-mallorca\/\" \/>\n<meta property=\"og:site_name\" content=\"Wedding Photographer Mallorca Miguel Arranz\" \/>\n<meta property=\"article:publisher\" content=\"https:\/\/www.facebook.com\/miguelarranz.weddingphotographer\/\" \/>\n<meta property=\"article:modified_time\" content=\"2024-02-29T10:49:09+00:00\" \/>\n<meta property=\"og:image\" content=\"https:\/\/www.miguel-arranz.com\/wp-content\/uploads\/2018\/09\/logo.png\" \/>\n\t<meta property=\"og:image:width\" content=\"220\" \/>\n\t<meta property=\"og:image:height\" content=\"192\" \/>\n\t<meta property=\"og:image:type\" content=\"image\/png\" \/>\n<meta name=\"twitter:card\" content=\"summary_large_image\" \/>\n<!-- \/ Yoast SEO plugin. -->","yoast_head_json":{"title":"Fot\u00f3grafo de retratos Mallorca","description":"Fot\u00f3grafo de retratos Mallorca. Fotograf\u00eda de tocador. Libros modelo. Moda. Modelos de agencia de fot\u00f3grafos. Fotograf\u00eda art\u00edstica.","robots":{"index":"index","follow":"follow","max-snippet":"max-snippet:-1","max-image-preview":"max-image-preview:large","max-video-preview":"max-video-preview:-1"},"canonical":"https:\/\/www.miguel-arranz.com\/es\/fotografo-de-retratos-mallorca\/","og_locale":"es_ES","og_type":"article","og_title":"Fot\u00f3grafo de retratos Mallorca","og_description":"Fot\u00f3grafo de retratos Mallorca. Fotograf\u00eda de tocador. Libros modelo. Moda. Modelos de agencia de fot\u00f3grafos. Fotograf\u00eda art\u00edstica.","og_url":"https:\/\/www.miguel-arranz.com\/es\/fotografo-de-retratos-mallorca\/","og_site_name":"Wedding Photographer Mallorca Miguel Arranz","article_publisher":"https:\/\/www.facebook.com\/miguelarranz.weddingphotographer\/","article_modified_time":"2024-02-29T10:49:09+00:00","og_image":[{"width":220,"height":192,"url":"https:\/\/www.miguel-arranz.com\/wp-content\/uploads\/2018\/09\/logo.png","type":"image\/png"}],"twitter_card":"summary_large_image","schema":{"@context":"https:\/\/schema.org","@graph":[{"@type":"WebPage","@id":"https:\/\/www.miguel-arranz.com\/es\/fotografo-de-retratos-mallorca\/","url":"https:\/\/www.miguel-arranz.com\/es\/fotografo-de-retratos-mallorca\/","name":"Fot\u00f3grafo de retratos Mallorca","isPartOf":{"@id":"https:\/\/www.miguel-arranz.com\/es\/#website"},"datePublished":"2018-10-03T10:07:59+00:00","dateModified":"2024-02-29T10:49:09+00:00","description":"Fot\u00f3grafo de retratos Mallorca. Fotograf\u00eda de tocador. Libros modelo. Moda. Modelos de agencia de fot\u00f3grafos. Fotograf\u00eda art\u00edstica.","breadcrumb":{"@id":"https:\/\/www.miguel-arranz.com\/es\/fotografo-de-retratos-mallorca\/#breadcrumb"},"inLanguage":"es","potentialAction":[{"@type":"ReadAction","target":["https:\/\/www.miguel-arranz.com\/es\/fotografo-de-retratos-mallorca\/"]}]},{"@type":"BreadcrumbList","@id":"https:\/\/www.miguel-arranz.com\/es\/fotografo-de-retratos-mallorca\/#breadcrumb","itemListElement":[{"@type":"ListItem","position":1,"name":"Portada","item":"https:\/\/www.miguel-arranz.com\/es\/"},{"@type":"ListItem","position":2,"name":"Fot\u00f3grafo de retratos Mallorca"}]},{"@type":"WebSite","@id":"https:\/\/www.miguel-arranz.com\/es\/#website","url":"https:\/\/www.miguel-arranz.com\/es\/","name":"Wedding Photographer Mallorca Miguel Arranz","description":"Luxury Wedding Photographer Mallorca","publisher":{"@id":"https:\/\/www.miguel-arranz.com\/es\/#organization"},"potentialAction":[{"@type":"SearchAction","target":{"@type":"EntryPoint","urlTemplate":"https:\/\/www.miguel-arranz.com\/es\/?s={search_term_string}"},"query-input":{"@type":"PropertyValueSpecification","valueRequired":true,"valueName":"search_term_string"}}],"inLanguage":"es"},{"@type":"Organization","@id":"https:\/\/www.miguel-arranz.com\/es\/#organization","name":"Miguel Arranz Wedding Photographer","url":"https:\/\/www.miguel-arranz.com\/es\/","logo":{"@type":"ImageObject","inLanguage":"es","@id":"https:\/\/www.miguel-arranz.com\/es\/#\/schema\/logo\/image\/","url":"https:\/\/www.miguel-arranz.com\/wp-content\/uploads\/2024\/03\/Logo-final.png","contentUrl":"https:\/\/www.miguel-arranz.com\/wp-content\/uploads\/2024\/03\/Logo-final.png","width":600,"height":425,"caption":"Miguel Arranz Wedding Photographer"},"image":{"@id":"https:\/\/www.miguel-arranz.com\/es\/#\/schema\/logo\/image\/"},"sameAs":["https:\/\/www.facebook.com\/miguelarranz.weddingphotographer\/","https:\/\/www.instagram.com\/miguel_arranz_photography\/"]}]}},"_links":{"self":[{"href":"https:\/\/www.miguel-arranz.com\/es\/wp-json\/wp\/v2\/pages\/16282","targetHints":{"allow":["GET"]}}],"collection":[{"href":"https:\/\/www.miguel-arranz.com\/es\/wp-json\/wp\/v2\/pages"}],"about":[{"href":"https:\/\/www.miguel-arranz.com\/es\/wp-json\/wp\/v2\/types\/page"}],"author":[{"embeddable":true,"href":"https:\/\/www.miguel-arranz.com\/es\/wp-json\/wp\/v2\/users\/1"}],"replies":[{"embeddable":true,"href":"https:\/\/www.miguel-arranz.com\/es\/wp-json\/wp\/v2\/comments?post=16282"}],"version-history":[{"count":2,"href":"https:\/\/www.miguel-arranz.com\/es\/wp-json\/wp\/v2\/pages\/16282\/revisions"}],"predecessor-version":[{"id":16284,"href":"https:\/\/www.miguel-arranz.com\/es\/wp-json\/wp\/v2\/pages\/16282\/revisions\/16284"}],"wp:attachment":[{"href":"https:\/\/www.miguel-arranz.com\/es\/wp-json\/wp\/v2\/media?parent=16282"}],"curies":[{"name":"wp","href":"https:\/\/api.w.org\/{rel}","templated":true}]}}