{"id":16291,"date":"2018-09-12T09:10:52","date_gmt":"2018-09-12T09:10:52","guid":{"rendered":"https:\/\/www.miguel-arranz.com\/about-me-wedding-photographer-mallorca\/"},"modified":"2024-02-29T11:13:15","modified_gmt":"2024-02-29T11:13:15","slug":"acerca-de-mi-fotografo-de-bodas-mallorca","status":"publish","type":"page","link":"https:\/\/www.miguel-arranz.com\/es\/acerca-de-mi-fotografo-de-bodas-mallorca\/","title":{"rendered":"SOBRE MI"},"content":{"rendered":"<div class=\"divider one\">&nbsp;<\/div>\n<div class=\"divider one\">&nbsp;<\/div>\n<div id=\"Fot\u00f3grafo de bodas en Mallorca desde 2014\" class=\"one withsmallpadding ppb_content_half_bg withbg \" style=\"background-image:url(https:\/\/www.miguel-arranz.com\/wp-content\/uploads\/2019\/04\/miguel-arranz-wedding-photography-Iceland-byn-195.jpg);background-position: center top;padding:20px 0 20px 0;\" >\n<div class=\"standard_wrapper\">\n<div class=\"page_content_wrapper\">\n<div class=\"inner\">\n<div class=\"one_half_bg\" style=\"background:#ffffff;background:rgb(255,255,255,1);background:rgba(255,255,255,1);\">\n<h2 class=\"ppb_title\" style=\"\">\u00a1Hola! Gracias por leer sobre mi<\/h2>\n<hr class=\"title_break left\" style=\"\"\/>\n<p style=\"text-align: left;\"><strong>La vida es como una c\u00e1mara. C\u00e9ntrate s\u00f3lo en lo importante, captura los buenos momentos, saca de lo negativo un aprendizaje revelado&#8230; y si las cosas no salen como esperas, \u00a1haz una nueva foto!<\/strong><\/p>\n<p><a href=\"https:\/\/www.miguel-arranz.com\/wp-content\/uploads\/2019\/04\/AAA5127-Editar-2.jpg\"><img loading=\"lazy\" decoding=\"async\" class=\" wp-image-9362 aligncenter\" src=\"https:\/\/www.miguel-arranz.com\/wp-content\/uploads\/2019\/04\/AAA5127-Editar-2.jpg\" alt=\"\" width=\"274\" height=\"374\" \/><\/a><\/p>\n<div class=\"ppb_header_content\" style=\"text-align: left;\">\n<p>Soy Miguel, fot\u00f3grafo de momentos, momentos fugaces, momentos que te quitan el aliento, momentos que aparecen de repente y momentos que no puedes controlar ni inducir\u2026<\/p>\n<p>Capturo esos bellos momentos con mi c\u00e1mara como dec\u00eda un gran compositor \u201cno es mi obra, es mi lenguaje\u201d. Realmente me apasiona lo que hago, para m\u00ed la fotograf\u00eda es capturar el alma, la esencia de lo que est\u00e1 pasando, inmortalizar momentos que un d\u00eda te sorprender\u00e1n nuevamente reviviendo ese hermoso d\u00eda, esos maravillosos recuerdos grabados en tu mente y coraz\u00f3n por el resto de tu vida. los d\u00edas, ese es mi objetivo como fot\u00f3grafo.<\/p>\n<p>Mi estilo fotogr\u00e1fico es una mezcla de elegancia, belleza atemporal y un enfoque en la est\u00e9tica, con un toque de moda. Mi objetivo es crear im\u00e1genes que resistan el paso del tiempo, con un enfoque refinado y sofisticado que resalte la armon\u00eda visual y la belleza de la pareja, el lugar y el entorno.<\/p>\n<h2><a href=\"https:\/\/www.miguel-arranz.com\/wp-content\/uploads\/2019\/04\/abutme.jpg\"><img loading=\"lazy\" decoding=\"async\" class=\"alignnone size-full wp-image-9251\" src=\"https:\/\/www.miguel-arranz.com\/wp-content\/uploads\/2019\/04\/abutme.jpg\" alt=\"\" width=\"1600\" height=\"1068\" \/><\/a><\/h2>\n<p>Soy marido, soy padre y me considero una persona honesta y hogare\u00f1a. Amo la naturaleza y la belleza en las cosas m\u00e1s simples. Disfruto pasar tiempo con mi familia y amigos, y sobre todo intento cada d\u00eda saborear estos peque\u00f1os momentos que la vida nos ofrece y dejar una huella en nuestro coraz\u00f3n para siempre. Nac\u00ed en Badajoz (Espa\u00f1a) y ahora vivo en la preciosa isla de Mallorca desde hace veinte a\u00f1os y soy fot\u00f3grafo de bodas profesional desde hace diez a\u00f1os.<\/p>\n<p><a href=\"https:\/\/www.miguel-arranz.com\/wp-content\/uploads\/2019\/02\/antiguo.miguel-arranz.jpg\"><img loading=\"lazy\" decoding=\"async\" class=\"wp-image-2045 aligncenter\" src=\"https:\/\/www.miguel-arranz.com\/wp-content\/uploads\/2019\/02\/antiguo.miguel-arranz.jpg\" alt=\"\" width=\"482\" height=\"293\" \/><\/a><\/p>\n<p><a href=\"https:\/\/www.miguel-arranz.com\/wp-content\/uploads\/2019\/02\/antiguo.miguel-arranz.jpg\">Jos\u00e9 y Domingo los primeros fot\u00f3grafos de mi familia en su estudio fotogr\u00e1fico. Eran hermanos de mi bisabuela, a\u00f1o 1935.<\/a><\/p>\n<p><a href=\"https:\/\/www.miguel-arranz.com\/wp-content\/uploads\/2019\/01\/firma-about-me.png\"><img loading=\"lazy\" decoding=\"async\" class=\"wp-image-1885 aligncenter\" src=\"https:\/\/www.miguel-arranz.com\/wp-content\/uploads\/2019\/01\/firma-about-me.png\" alt=\"\" width=\"253\" height=\"153\" \/><\/a><\/p>\n<\/div>\n<\/div>\n<\/div>\n<\/div>\n<\/div>\n<\/div>\n","protected":false},"excerpt":{"rendered":"","protected":false},"author":1,"featured_media":15852,"parent":0,"menu_order":0,"comment_status":"closed","ping_status":"closed","template":"","meta":{"_exactmetrics_skip_tracking":false,"_exactmetrics_sitenote_active":false,"_exactmetrics_sitenote_note":"","_exactmetrics_sitenote_category":0,"footnotes":""},"class_list":["post-16291","page","type-page","status-publish","has-post-thumbnail","hentry"],"yoast_head":"<!-- This site is optimized with the Yoast SEO plugin v27.3 - https:\/\/yoast.com\/product\/yoast-seo-wordpress\/ -->\n<title>Fot\u00f3grafo de bodas de lujo Mallorca Destination Weddings<\/title>\n<meta name=\"description\" content=\"Fot\u00f3grafo de bodas Mallorca desde 2014, mi estilo fotogr\u00e1fico es el fotoperiodismo. Fot\u00f3grafos de bodas de destino.\" \/>\n<meta name=\"robots\" content=\"index, follow, max-snippet:-1, max-image-preview:large, max-video-preview:-1\" \/>\n<link rel=\"canonical\" href=\"https:\/\/www.miguel-arranz.com\/es\/acerca-de-mi-fotografo-de-bodas-mallorca\/\" \/>\n<meta property=\"og:locale\" content=\"es_ES\" \/>\n<meta property=\"og:type\" content=\"article\" \/>\n<meta property=\"og:title\" content=\"Fot\u00f3grafo de bodas de lujo Mallorca Destination Weddings\" \/>\n<meta property=\"og:description\" content=\"Fot\u00f3grafo de bodas Mallorca desde 2014, mi estilo fotogr\u00e1fico es el fotoperiodismo. Fot\u00f3grafos de bodas de destino.\" \/>\n<meta property=\"og:url\" content=\"https:\/\/www.miguel-arranz.com\/es\/acerca-de-mi-fotografo-de-bodas-mallorca\/\" \/>\n<meta property=\"og:site_name\" content=\"Wedding Photographer Mallorca Miguel Arranz\" \/>\n<meta property=\"article:publisher\" content=\"https:\/\/www.facebook.com\/miguelarranz.weddingphotographer\/\" \/>\n<meta property=\"article:modified_time\" content=\"2024-02-29T11:13:15+00:00\" \/>\n<meta property=\"og:image\" content=\"https:\/\/www.miguel-arranz.com\/wp-content\/uploads\/2024\/01\/71947miguel.arranz.weddingphotographer-Editar.jpg\" \/>\n\t<meta property=\"og:image:width\" content=\"853\" \/>\n\t<meta property=\"og:image:height\" content=\"1280\" \/>\n\t<meta property=\"og:image:type\" content=\"image\/jpeg\" \/>\n<meta name=\"twitter:card\" content=\"summary_large_image\" \/>\n<meta name=\"twitter:label1\" content=\"Tiempo de lectura\" \/>\n\t<meta name=\"twitter:data1\" content=\"3 minutos\" \/>\n<!-- \/ Yoast SEO plugin. -->","yoast_head_json":{"title":"Fot\u00f3grafo de bodas de lujo Mallorca Destination Weddings","description":"Fot\u00f3grafo de bodas Mallorca desde 2014, mi estilo fotogr\u00e1fico es el fotoperiodismo. Fot\u00f3grafos de bodas de destino.","robots":{"index":"index","follow":"follow","max-snippet":"max-snippet:-1","max-image-preview":"max-image-preview:large","max-video-preview":"max-video-preview:-1"},"canonical":"https:\/\/www.miguel-arranz.com\/es\/acerca-de-mi-fotografo-de-bodas-mallorca\/","og_locale":"es_ES","og_type":"article","og_title":"Fot\u00f3grafo de bodas de lujo Mallorca Destination Weddings","og_description":"Fot\u00f3grafo de bodas Mallorca desde 2014, mi estilo fotogr\u00e1fico es el fotoperiodismo. Fot\u00f3grafos de bodas de destino.","og_url":"https:\/\/www.miguel-arranz.com\/es\/acerca-de-mi-fotografo-de-bodas-mallorca\/","og_site_name":"Wedding Photographer Mallorca Miguel Arranz","article_publisher":"https:\/\/www.facebook.com\/miguelarranz.weddingphotographer\/","article_modified_time":"2024-02-29T11:13:15+00:00","og_image":[{"width":853,"height":1280,"url":"https:\/\/www.miguel-arranz.com\/wp-content\/uploads\/2024\/01\/71947miguel.arranz.weddingphotographer-Editar.jpg","type":"image\/jpeg"}],"twitter_card":"summary_large_image","twitter_misc":{"Tiempo de lectura":"3 minutos"},"schema":{"@context":"https:\/\/schema.org","@graph":[{"@type":"WebPage","@id":"https:\/\/www.miguel-arranz.com\/es\/acerca-de-mi-fotografo-de-bodas-mallorca\/","url":"https:\/\/www.miguel-arranz.com\/es\/acerca-de-mi-fotografo-de-bodas-mallorca\/","name":"Fot\u00f3grafo de bodas de lujo Mallorca Destination Weddings","isPartOf":{"@id":"https:\/\/www.miguel-arranz.com\/es\/#website"},"primaryImageOfPage":{"@id":"https:\/\/www.miguel-arranz.com\/es\/acerca-de-mi-fotografo-de-bodas-mallorca\/#primaryimage"},"image":{"@id":"https:\/\/www.miguel-arranz.com\/es\/acerca-de-mi-fotografo-de-bodas-mallorca\/#primaryimage"},"thumbnailUrl":"https:\/\/www.miguel-arranz.com\/wp-content\/uploads\/2024\/01\/71947miguel.arranz.weddingphotographer-Editar.jpg","datePublished":"2018-09-12T09:10:52+00:00","dateModified":"2024-02-29T11:13:15+00:00","description":"Fot\u00f3grafo de bodas Mallorca desde 2014, mi estilo fotogr\u00e1fico es el fotoperiodismo. Fot\u00f3grafos de bodas de destino.","breadcrumb":{"@id":"https:\/\/www.miguel-arranz.com\/es\/acerca-de-mi-fotografo-de-bodas-mallorca\/#breadcrumb"},"inLanguage":"es","potentialAction":[{"@type":"ReadAction","target":["https:\/\/www.miguel-arranz.com\/es\/acerca-de-mi-fotografo-de-bodas-mallorca\/"]}]},{"@type":"ImageObject","inLanguage":"es","@id":"https:\/\/www.miguel-arranz.com\/es\/acerca-de-mi-fotografo-de-bodas-mallorca\/#primaryimage","url":"https:\/\/www.miguel-arranz.com\/wp-content\/uploads\/2024\/01\/71947miguel.arranz.weddingphotographer-Editar.jpg","contentUrl":"https:\/\/www.miguel-arranz.com\/wp-content\/uploads\/2024\/01\/71947miguel.arranz.weddingphotographer-Editar.jpg","width":853,"height":1280},{"@type":"BreadcrumbList","@id":"https:\/\/www.miguel-arranz.com\/es\/acerca-de-mi-fotografo-de-bodas-mallorca\/#breadcrumb","itemListElement":[{"@type":"ListItem","position":1,"name":"Portada","item":"https:\/\/www.miguel-arranz.com\/es\/"},{"@type":"ListItem","position":2,"name":"SOBRE MI"}]},{"@type":"WebSite","@id":"https:\/\/www.miguel-arranz.com\/es\/#website","url":"https:\/\/www.miguel-arranz.com\/es\/","name":"Wedding Photographer Mallorca Miguel Arranz","description":"Luxury Wedding Photographer Mallorca","publisher":{"@id":"https:\/\/www.miguel-arranz.com\/es\/#organization"},"potentialAction":[{"@type":"SearchAction","target":{"@type":"EntryPoint","urlTemplate":"https:\/\/www.miguel-arranz.com\/es\/?s={search_term_string}"},"query-input":{"@type":"PropertyValueSpecification","valueRequired":true,"valueName":"search_term_string"}}],"inLanguage":"es"},{"@type":"Organization","@id":"https:\/\/www.miguel-arranz.com\/es\/#organization","name":"Miguel Arranz Wedding Photographer","url":"https:\/\/www.miguel-arranz.com\/es\/","logo":{"@type":"ImageObject","inLanguage":"es","@id":"https:\/\/www.miguel-arranz.com\/es\/#\/schema\/logo\/image\/","url":"https:\/\/www.miguel-arranz.com\/wp-content\/uploads\/2024\/03\/Logo-final.png","contentUrl":"https:\/\/www.miguel-arranz.com\/wp-content\/uploads\/2024\/03\/Logo-final.png","width":600,"height":425,"caption":"Miguel Arranz Wedding Photographer"},"image":{"@id":"https:\/\/www.miguel-arranz.com\/es\/#\/schema\/logo\/image\/"},"sameAs":["https:\/\/www.facebook.com\/miguelarranz.weddingphotographer\/","https:\/\/www.instagram.com\/miguel_arranz_photography\/"]}]}},"_links":{"self":[{"href":"https:\/\/www.miguel-arranz.com\/es\/wp-json\/wp\/v2\/pages\/16291","targetHints":{"allow":["GET"]}}],"collection":[{"href":"https:\/\/www.miguel-arranz.com\/es\/wp-json\/wp\/v2\/pages"}],"about":[{"href":"https:\/\/www.miguel-arranz.com\/es\/wp-json\/wp\/v2\/types\/page"}],"author":[{"embeddable":true,"href":"https:\/\/www.miguel-arranz.com\/es\/wp-json\/wp\/v2\/users\/1"}],"replies":[{"embeddable":true,"href":"https:\/\/www.miguel-arranz.com\/es\/wp-json\/wp\/v2\/comments?post=16291"}],"version-history":[{"count":2,"href":"https:\/\/www.miguel-arranz.com\/es\/wp-json\/wp\/v2\/pages\/16291\/revisions"}],"predecessor-version":[{"id":16293,"href":"https:\/\/www.miguel-arranz.com\/es\/wp-json\/wp\/v2\/pages\/16291\/revisions\/16293"}],"wp:featuredmedia":[{"embeddable":true,"href":"https:\/\/www.miguel-arranz.com\/es\/wp-json\/wp\/v2\/media\/15852"}],"wp:attachment":[{"href":"https:\/\/www.miguel-arranz.com\/es\/wp-json\/wp\/v2\/media?parent=16291"}],"curies":[{"name":"wp","href":"https:\/\/api.w.org\/{rel}","templated":true}]}}