{"id":16294,"date":"2018-10-03T09:58:18","date_gmt":"2018-10-03T09:58:18","guid":{"rendered":"https:\/\/www.miguel-arranz.com\/infobooks-photographer-mallorca\/"},"modified":"2024-03-05T10:14:31","modified_gmt":"2024-03-05T10:14:31","slug":"infobooks-fotografo-mallorca","status":"publish","type":"page","link":"https:\/\/www.miguel-arranz.com\/es\/infobooks-fotografo-mallorca\/","title":{"rendered":"Book Fot\u00f3grafo Mallorca"},"content":{"rendered":"<div class=\"divider one\">&nbsp;<\/div>\n<div class=\"divider one\">&nbsp;<\/div>\n<div class=\"one\" >\n<div class=\"horizontal_gallery\">\n<table class=\"horizontal_gallery_wrapper\">\n<tbody>\n<tr>\n<td><a class=\"fancy-gallery\" data-rel=\"photography_gallery_1933\" data-title=\"\" data-desc=\"\" href=\"https:\/\/www.miguel-arranz.com\/wp-content\/uploads\/2020\/02\/Miguel-Arranz-Wedding-Photographer-slider-infobook-3.jpg\"><\/p>\n<div class=\"gallery_image_wrapper\">\n\t\t\t\t    \t<img decoding=\"async\" src=\"https:\/\/www.miguel-arranz.com\/wp-content\/uploads\/2020\/02\/Miguel-Arranz-Wedding-Photographer-slider-infobook-3.jpg\" alt=\"\" class=\"horizontal_gallery_img\"\/><\/div>\n<p><\/a><\/p>\n<div class=\"wp-caption aligncenter\">\n<p class=\"wp-caption-text\">\n<\/div>\n<\/td>\n<td><a class=\"fancy-gallery\" data-rel=\"photography_gallery_1933\" data-title=\"\" data-desc=\"\" href=\"https:\/\/www.miguel-arranz.com\/wp-content\/uploads\/2020\/02\/Miguel-Arranz-Wedding-Photographer-slider-infobook-1.jpg\"><\/p>\n<div class=\"gallery_image_wrapper\">\n\t\t\t\t    \t<img decoding=\"async\" src=\"https:\/\/www.miguel-arranz.com\/wp-content\/uploads\/2020\/02\/Miguel-Arranz-Wedding-Photographer-slider-infobook-1.jpg\" alt=\"\" class=\"horizontal_gallery_img\"\/><\/div>\n<p><\/a><\/p>\n<div class=\"wp-caption aligncenter\">\n<p class=\"wp-caption-text\">\n<\/div>\n<\/td>\n<td><a class=\"fancy-gallery\" data-rel=\"photography_gallery_1933\" data-title=\"\" data-desc=\"\" href=\"https:\/\/www.miguel-arranz.com\/wp-content\/uploads\/2019\/02\/miguel.arranz-info-books-6.jpg\"><\/p>\n<div class=\"gallery_image_wrapper\">\n\t\t\t\t    \t<img decoding=\"async\" src=\"https:\/\/www.miguel-arranz.com\/wp-content\/uploads\/2019\/02\/miguel.arranz-info-books-6.jpg\" alt=\"\" class=\"horizontal_gallery_img\"\/><\/div>\n<p><\/a><\/p>\n<div class=\"wp-caption aligncenter\">\n<p class=\"wp-caption-text\">\n<\/div>\n<\/td>\n<td><a class=\"fancy-gallery\" data-rel=\"photography_gallery_1933\" data-title=\"\" data-desc=\"\" href=\"https:\/\/www.miguel-arranz.com\/wp-content\/uploads\/2019\/02\/miguel.arranz-info-books-5.jpg\"><\/p>\n<div class=\"gallery_image_wrapper\">\n\t\t\t\t    \t<img decoding=\"async\" src=\"https:\/\/www.miguel-arranz.com\/wp-content\/uploads\/2019\/02\/miguel.arranz-info-books-5.jpg\" alt=\"\" class=\"horizontal_gallery_img\"\/><\/div>\n<p><\/a><\/p>\n<div class=\"wp-caption aligncenter\">\n<p class=\"wp-caption-text\">\n<\/div>\n<\/td>\n<td><a class=\"fancy-gallery\" data-rel=\"photography_gallery_1933\" data-title=\"\" data-desc=\"\" href=\"https:\/\/www.miguel-arranz.com\/wp-content\/uploads\/2019\/02\/miguel.arranz-info-books-12.jpg\"><\/p>\n<div class=\"gallery_image_wrapper\">\n\t\t\t\t    \t<img decoding=\"async\" src=\"https:\/\/www.miguel-arranz.com\/wp-content\/uploads\/2019\/02\/miguel.arranz-info-books-12.jpg\" alt=\"\" class=\"horizontal_gallery_img\"\/><\/div>\n<p><\/a><\/p>\n<div class=\"wp-caption aligncenter\">\n<p class=\"wp-caption-text\">\n<\/div>\n<\/td>\n<td><a class=\"fancy-gallery\" data-rel=\"photography_gallery_1933\" data-title=\"\" data-desc=\"\" href=\"https:\/\/www.miguel-arranz.com\/wp-content\/uploads\/2019\/02\/books-miguel-arranz.jpg\"><\/p>\n<div class=\"gallery_image_wrapper\">\n\t\t\t\t    \t<img decoding=\"async\" src=\"https:\/\/www.miguel-arranz.com\/wp-content\/uploads\/2019\/02\/books-miguel-arranz.jpg\" alt=\"\" class=\"horizontal_gallery_img\"\/><\/div>\n<p><\/a><\/p>\n<div class=\"wp-caption aligncenter\">\n<p class=\"wp-caption-text\">\n<\/div>\n<\/td>\n<td><a class=\"fancy-gallery\" data-rel=\"photography_gallery_1933\" data-title=\"\" data-desc=\"\" href=\"https:\/\/www.miguel-arranz.com\/wp-content\/uploads\/2020\/02\/Miguel-Arranz-Wedding-Photographer-slider-infobook-2.jpg\"><\/p>\n<div class=\"gallery_image_wrapper\">\n\t\t\t\t    \t<img decoding=\"async\" src=\"https:\/\/www.miguel-arranz.com\/wp-content\/uploads\/2020\/02\/Miguel-Arranz-Wedding-Photographer-slider-infobook-2.jpg\" alt=\"\" class=\"horizontal_gallery_img\"\/><\/div>\n<p><\/a><\/p>\n<div class=\"wp-caption aligncenter\">\n<p class=\"wp-caption-text\">\n<\/div>\n<\/td>\n<td><a class=\"fancy-gallery\" data-rel=\"photography_gallery_1933\" data-title=\"\" data-desc=\"\" href=\"https:\/\/www.miguel-arranz.com\/wp-content\/uploads\/2019\/02\/miguel.arranz-info-books-13.jpg\"><\/p>\n<div class=\"gallery_image_wrapper\">\n\t\t\t\t    \t<img decoding=\"async\" src=\"https:\/\/www.miguel-arranz.com\/wp-content\/uploads\/2019\/02\/miguel.arranz-info-books-13.jpg\" alt=\"\" class=\"horizontal_gallery_img\"\/><\/div>\n<p><\/a><\/p>\n<div class=\"wp-caption aligncenter\">\n<p class=\"wp-caption-text\">\n<\/div>\n<\/td>\n<td><a class=\"fancy-gallery\" data-rel=\"photography_gallery_1933\" data-title=\"\" data-desc=\"\" href=\"https:\/\/www.miguel-arranz.com\/wp-content\/uploads\/2019\/02\/miguel.arranz-info-books-7.jpg\"><\/p>\n<div class=\"gallery_image_wrapper\">\n\t\t\t\t    \t<img decoding=\"async\" src=\"https:\/\/www.miguel-arranz.com\/wp-content\/uploads\/2019\/02\/miguel.arranz-info-books-7.jpg\" alt=\"\" class=\"horizontal_gallery_img\"\/><\/div>\n<p><\/a><\/p>\n<div class=\"wp-caption aligncenter\">\n<p class=\"wp-caption-text\">\n<\/div>\n<\/td>\n<td><a class=\"fancy-gallery\" data-rel=\"photography_gallery_1933\" data-title=\"\" data-desc=\"\" href=\"https:\/\/www.miguel-arranz.com\/wp-content\/uploads\/2019\/02\/miguel.arranz-info-books-10.jpg\"><\/p>\n<div class=\"gallery_image_wrapper\">\n\t\t\t\t    \t<img decoding=\"async\" src=\"https:\/\/www.miguel-arranz.com\/wp-content\/uploads\/2019\/02\/miguel.arranz-info-books-10.jpg\" alt=\"\" class=\"horizontal_gallery_img\"\/><\/div>\n<p><\/a><\/p>\n<div class=\"wp-caption aligncenter\">\n<p class=\"wp-caption-text\">\n<\/div>\n<\/td>\n<td><a class=\"fancy-gallery\" data-rel=\"photography_gallery_1933\" data-title=\"\" data-desc=\"\" href=\"https:\/\/www.miguel-arranz.com\/wp-content\/uploads\/2019\/02\/miguel.arranz-info-books-4.jpg\"><\/p>\n<div class=\"gallery_image_wrapper\">\n\t\t\t\t    \t<img decoding=\"async\" src=\"https:\/\/www.miguel-arranz.com\/wp-content\/uploads\/2019\/02\/miguel.arranz-info-books-4.jpg\" alt=\"\" class=\"horizontal_gallery_img\"\/><\/div>\n<p><\/a><\/p>\n<div class=\"wp-caption aligncenter\">\n<p class=\"wp-caption-text\">\n<\/div>\n<\/td>\n<td><a class=\"fancy-gallery\" data-rel=\"photography_gallery_1933\" data-title=\"\" data-desc=\"\" href=\"https:\/\/www.miguel-arranz.com\/wp-content\/uploads\/2019\/02\/miguel.arranz-info-books-8.jpg\"><\/p>\n<div class=\"gallery_image_wrapper\">\n\t\t\t\t    \t<img decoding=\"async\" src=\"https:\/\/www.miguel-arranz.com\/wp-content\/uploads\/2019\/02\/miguel.arranz-info-books-8.jpg\" alt=\"\" class=\"horizontal_gallery_img\"\/><\/div>\n<p><\/a><\/p>\n<div class=\"wp-caption aligncenter\">\n<p class=\"wp-caption-text\">\n<\/div>\n<\/td>\n<td><a class=\"fancy-gallery\" data-rel=\"photography_gallery_1933\" data-title=\"\" data-desc=\"\" href=\"https:\/\/www.miguel-arranz.com\/wp-content\/uploads\/2019\/02\/miguel.arranz-info-books-2.jpg\"><\/p>\n<div class=\"gallery_image_wrapper\">\n\t\t\t\t    \t<img decoding=\"async\" src=\"https:\/\/www.miguel-arranz.com\/wp-content\/uploads\/2019\/02\/miguel.arranz-info-books-2.jpg\" alt=\"\" class=\"horizontal_gallery_img\"\/><\/div>\n<p><\/a><\/p>\n<div class=\"wp-caption aligncenter\">\n<p class=\"wp-caption-text\">\n<\/div>\n<\/td>\n<\/tr>\n<\/tbody>\n<\/table><\/div>\n<\/p><\/div>\n<div  class=\"one withsmallpadding ppb_text\" style=\"padding:30px 0 30px 0;\" >\n<div class=\"standard_wrapper\">\n<div class=\"page_content_wrapper\">\n<div class=\"inner\">\n<div style=\"margin:auto;width:100%\">\n<p><strong>Para ti <\/strong>.<\/p>\n<p>No es necesario trabajar en el mundo de la fotograf\u00eda para posar ante una c\u00e1mara. Todos queremos recordar y compartir en el futuro c\u00f3mo somos, c\u00f3mo \u00e9ramos.<\/p>\n<p><strong>Un regalo perfecto para una persona especial o para ti mismo, un proyecto divertido, un proyecto diferente para recordar, una historia contada con im\u00e1genes\u2026<\/strong><\/p>\n<p><strong>Si eres modelo, actor, actriz,<\/strong> trabajas con la fotograf\u00eda o est\u00e1s preparando tu entrada al sector, el libro es tu tarjeta de visita. Cu\u00e9ntame tu idea o proyecto y juntos conseguiremos el mejor resultado.<\/p>\n<p>Cada sesi\u00f3n es totalmente personalizada, adapto mi trabajo a tu idea o proyecto y puedo asesorarte para buscar el resultado que deseas. Las sesiones fotogr\u00e1ficas pueden ser en estudio, al aire libre o en plan mixto. <strong>Es muy importante que tengas tiempo suficiente, sin prisas <\/strong>porque lo principal es conseguir buenas fotos, con gran impacto visual y para ello es fundamental sentirse c\u00f3modo: a veces lo podemos conseguir en el primer minuto, a veces en una hora\u2026<\/p>\n<p>Trabajo con un equipo profesional para cualquier tipo de sesi\u00f3n: maquillador, peluquer\u00eda, estilismo, etc\u2026<\/p>\n<p>Para las sesiones boudoir trabajo con diferentes hoteles y hoteles rurales con suites a nuestra disposici\u00f3n que se pueden alquilar por horas.<\/p>\n<p><strong>El contenido de la sesi\u00f3n de fotos <\/strong>:<\/p>\n<p><strong>Preparando <\/strong>la sesi\u00f3n fotogr\u00e1fica: planificaci\u00f3n, ideas, localizaciones\u2026<\/p>\n<p><strong>Realizaci\u00f3n <\/strong>de la sesi\u00f3n fotogr\u00e1fica. Siempre buscando el objetivo y no las horas, pero normalmente dura 2 o 3 horas.<\/p>\n<p>Las fotos retocadas <strong>se entregan <\/strong>con la m\u00e1xima resoluci\u00f3n y sin marcas de agua.<\/p>\n<p>Para m\u00e1s informaci\u00f3n y precios puedes enviarme un email foto@miguel-arranz.com<\/p>\n<\/div>\n<\/div>\n<\/div>\n<\/div>\n<\/div>\n","protected":false},"excerpt":{"rendered":"","protected":false},"author":1,"featured_media":0,"parent":0,"menu_order":0,"comment_status":"closed","ping_status":"closed","template":"","meta":{"_exactmetrics_skip_tracking":false,"_exactmetrics_sitenote_active":false,"_exactmetrics_sitenote_note":"","_exactmetrics_sitenote_category":0,"footnotes":""},"class_list":["post-16294","page","type-page","status-publish","hentry"],"yoast_head":"<!-- This site is optimized with the Yoast SEO plugin v27.5 - https:\/\/yoast.com\/product\/yoast-seo-wordpress\/ -->\n<title>Book Fot\u00f3grafo Mallorca<\/title>\n<meta name=\"description\" content=\"Fot\u00f3grafo retratista Palma de Mallorca. Modelos de estudio fotogr\u00e1fico. Libros de moda. Tiroteos en la playa. Servicios de fotograf\u00eda.\" \/>\n<meta name=\"robots\" content=\"index, follow, max-snippet:-1, max-image-preview:large, max-video-preview:-1\" \/>\n<link rel=\"canonical\" href=\"https:\/\/www.miguel-arranz.com\/es\/infobooks-fotografo-mallorca\/\" \/>\n<meta property=\"og:locale\" content=\"es_ES\" \/>\n<meta property=\"og:type\" content=\"article\" \/>\n<meta property=\"og:title\" content=\"Book Fot\u00f3grafo Mallorca\" \/>\n<meta property=\"og:description\" content=\"Fot\u00f3grafo retratista Palma de Mallorca. Modelos de estudio fotogr\u00e1fico. Libros de moda. Tiroteos en la playa. Servicios de fotograf\u00eda.\" \/>\n<meta property=\"og:url\" content=\"https:\/\/www.miguel-arranz.com\/es\/infobooks-fotografo-mallorca\/\" \/>\n<meta property=\"og:site_name\" content=\"Wedding Photographer Mallorca Miguel Arranz\" \/>\n<meta property=\"article:publisher\" content=\"https:\/\/www.facebook.com\/miguelarranz.weddingphotographer\/\" \/>\n<meta property=\"article:modified_time\" content=\"2024-03-05T10:14:31+00:00\" \/>\n<meta property=\"og:image\" content=\"https:\/\/www.miguel-arranz.com\/wp-content\/uploads\/2020\/02\/Miguel-Arranz-Wedding-Photographer-slider-infobook-3.jpg\" \/>\n<meta name=\"twitter:card\" content=\"summary_large_image\" \/>\n<meta name=\"twitter:label1\" content=\"Tiempo de lectura\" \/>\n\t<meta name=\"twitter:data1\" content=\"4 minutos\" \/>\n<!-- \/ Yoast SEO plugin. -->","yoast_head_json":{"title":"Book Fot\u00f3grafo Mallorca","description":"Fot\u00f3grafo retratista Palma de Mallorca. Modelos de estudio fotogr\u00e1fico. Libros de moda. Tiroteos en la playa. Servicios de fotograf\u00eda.","robots":{"index":"index","follow":"follow","max-snippet":"max-snippet:-1","max-image-preview":"max-image-preview:large","max-video-preview":"max-video-preview:-1"},"canonical":"https:\/\/www.miguel-arranz.com\/es\/infobooks-fotografo-mallorca\/","og_locale":"es_ES","og_type":"article","og_title":"Book Fot\u00f3grafo Mallorca","og_description":"Fot\u00f3grafo retratista Palma de Mallorca. Modelos de estudio fotogr\u00e1fico. Libros de moda. Tiroteos en la playa. Servicios de fotograf\u00eda.","og_url":"https:\/\/www.miguel-arranz.com\/es\/infobooks-fotografo-mallorca\/","og_site_name":"Wedding Photographer Mallorca Miguel Arranz","article_publisher":"https:\/\/www.facebook.com\/miguelarranz.weddingphotographer\/","article_modified_time":"2024-03-05T10:14:31+00:00","og_image":[{"url":"https:\/\/www.miguel-arranz.com\/wp-content\/uploads\/2020\/02\/Miguel-Arranz-Wedding-Photographer-slider-infobook-3.jpg","type":"","width":"","height":""}],"twitter_card":"summary_large_image","twitter_misc":{"Tiempo de lectura":"4 minutos"},"schema":{"@context":"https:\/\/schema.org","@graph":[{"@type":"WebPage","@id":"https:\/\/www.miguel-arranz.com\/es\/infobooks-fotografo-mallorca\/","url":"https:\/\/www.miguel-arranz.com\/es\/infobooks-fotografo-mallorca\/","name":"Book Fot\u00f3grafo Mallorca","isPartOf":{"@id":"https:\/\/www.miguel-arranz.com\/es\/#website"},"primaryImageOfPage":{"@id":"https:\/\/www.miguel-arranz.com\/es\/infobooks-fotografo-mallorca\/#primaryimage"},"image":{"@id":"https:\/\/www.miguel-arranz.com\/es\/infobooks-fotografo-mallorca\/#primaryimage"},"thumbnailUrl":"https:\/\/www.miguel-arranz.com\/wp-content\/uploads\/2020\/02\/Miguel-Arranz-Wedding-Photographer-slider-infobook-3.jpg","datePublished":"2018-10-03T09:58:18+00:00","dateModified":"2024-03-05T10:14:31+00:00","description":"Fot\u00f3grafo retratista Palma de Mallorca. Modelos de estudio fotogr\u00e1fico. Libros de moda. Tiroteos en la playa. Servicios de fotograf\u00eda.","breadcrumb":{"@id":"https:\/\/www.miguel-arranz.com\/es\/infobooks-fotografo-mallorca\/#breadcrumb"},"inLanguage":"es","potentialAction":[{"@type":"ReadAction","target":["https:\/\/www.miguel-arranz.com\/es\/infobooks-fotografo-mallorca\/"]}]},{"@type":"ImageObject","inLanguage":"es","@id":"https:\/\/www.miguel-arranz.com\/es\/infobooks-fotografo-mallorca\/#primaryimage","url":"https:\/\/www.miguel-arranz.com\/wp-content\/uploads\/2020\/02\/Miguel-Arranz-Wedding-Photographer-slider-infobook-3.jpg","contentUrl":"https:\/\/www.miguel-arranz.com\/wp-content\/uploads\/2020\/02\/Miguel-Arranz-Wedding-Photographer-slider-infobook-3.jpg"},{"@type":"BreadcrumbList","@id":"https:\/\/www.miguel-arranz.com\/es\/infobooks-fotografo-mallorca\/#breadcrumb","itemListElement":[{"@type":"ListItem","position":1,"name":"Portada","item":"https:\/\/www.miguel-arranz.com\/es\/"},{"@type":"ListItem","position":2,"name":"Book Fot\u00f3grafo Mallorca"}]},{"@type":"WebSite","@id":"https:\/\/www.miguel-arranz.com\/es\/#website","url":"https:\/\/www.miguel-arranz.com\/es\/","name":"Wedding Photographer Mallorca Miguel Arranz","description":"Luxury Wedding Photographer Mallorca","publisher":{"@id":"https:\/\/www.miguel-arranz.com\/es\/#organization"},"potentialAction":[{"@type":"SearchAction","target":{"@type":"EntryPoint","urlTemplate":"https:\/\/www.miguel-arranz.com\/es\/?s={search_term_string}"},"query-input":{"@type":"PropertyValueSpecification","valueRequired":true,"valueName":"search_term_string"}}],"inLanguage":"es"},{"@type":"Organization","@id":"https:\/\/www.miguel-arranz.com\/es\/#organization","name":"Miguel Arranz Wedding Photographer","url":"https:\/\/www.miguel-arranz.com\/es\/","logo":{"@type":"ImageObject","inLanguage":"es","@id":"https:\/\/www.miguel-arranz.com\/es\/#\/schema\/logo\/image\/","url":"https:\/\/www.miguel-arranz.com\/wp-content\/uploads\/2024\/03\/Logo-final.png","contentUrl":"https:\/\/www.miguel-arranz.com\/wp-content\/uploads\/2024\/03\/Logo-final.png","width":600,"height":425,"caption":"Miguel Arranz Wedding Photographer"},"image":{"@id":"https:\/\/www.miguel-arranz.com\/es\/#\/schema\/logo\/image\/"},"sameAs":["https:\/\/www.facebook.com\/miguelarranz.weddingphotographer\/","https:\/\/www.instagram.com\/miguel_arranz_photography\/"]}]}},"_links":{"self":[{"href":"https:\/\/www.miguel-arranz.com\/es\/wp-json\/wp\/v2\/pages\/16294","targetHints":{"allow":["GET"]}}],"collection":[{"href":"https:\/\/www.miguel-arranz.com\/es\/wp-json\/wp\/v2\/pages"}],"about":[{"href":"https:\/\/www.miguel-arranz.com\/es\/wp-json\/wp\/v2\/types\/page"}],"author":[{"embeddable":true,"href":"https:\/\/www.miguel-arranz.com\/es\/wp-json\/wp\/v2\/users\/1"}],"replies":[{"embeddable":true,"href":"https:\/\/www.miguel-arranz.com\/es\/wp-json\/wp\/v2\/comments?post=16294"}],"version-history":[{"count":3,"href":"https:\/\/www.miguel-arranz.com\/es\/wp-json\/wp\/v2\/pages\/16294\/revisions"}],"predecessor-version":[{"id":16442,"href":"https:\/\/www.miguel-arranz.com\/es\/wp-json\/wp\/v2\/pages\/16294\/revisions\/16442"}],"wp:attachment":[{"href":"https:\/\/www.miguel-arranz.com\/es\/wp-json\/wp\/v2\/media?parent=16294"}],"curies":[{"name":"wp","href":"https:\/\/api.w.org\/{rel}","templated":true}]}}