{"id":16305,"date":"2019-01-29T17:41:12","date_gmt":"2019-01-29T17:41:12","guid":{"rendered":"https:\/\/www.miguel-arranz.com\/testimonials-weddings\/"},"modified":"2024-02-29T11:41:41","modified_gmt":"2024-02-29T11:41:41","slug":"testimonios-bodas","status":"publish","type":"page","link":"https:\/\/www.miguel-arranz.com\/es\/testimonios-bodas\/","title":{"rendered":"Algunos testimonios sobre mi trabajo"},"content":{"rendered":"<div class=\"divider one\">&nbsp;<\/div>\n<div class=\"standard_wrapper\">\n<div id=\"Testimonios Miguel Arranz Fot\u00f3grafo de bodas Mallorca\" class=\"one\" style=\"padding:30px 0 30px 0;\" >\n<div class=\"page_content_wrapper\">\n<div class=\"inner\">\n<div class=\"image_classic_frame expand\">\n<div class=\"image_wrapper\"><img decoding=\"async\" src=\"https:\/\/www.miguel-arranz.com\/wp-content\/uploads\/2019\/02\/maphoto-99715.jpg\" alt=\"\" class=\"preview\"\/><\/div>\n<\/div>\n<\/div>\n<\/div>\n<\/div>\n<\/div>\n<div class=\"standard_wrapper\">\n<div  class=\"one withsmallpadding ppb_testimonial_column\" style=\"padding:30px 0 30px 0;\" >\n<div class=\"page_content_wrapper\">\n<div class=\"inner\">\n<div class=\"testimonial_wrapper\">\n<div class=\"one_half testimonial_column_element animated1 \">\n<div class=\"testimonial_image animated\" data-animation=\"bigEntrance\"><img decoding=\"async\" class=\"team_pic\" src=\"https:\/\/www.miguel-arranz.com\/wp-content\/uploads\/2021\/04\/miguelarranzweddingphotographerpilaralex1-150x150.jpg\" alt=\"\"\/><\/div>\n<div class=\"testimonial_content\">We meet Miguel 1 year before our wedding in the pre-wedding photo session, since then we fell in love with his work and we were certain we wanted him to cover our wedding. With Miguel you will feel at home, comfortable and natural during all the preparations of the wedding and during all the celebrations. He manages to catch the best shots without you even noticing and he made some scenic pictures of us which are out of a movie. All in all we can say he\u2019s a great professional with true talent and love for his work. Pilar &amp; Alexander.<\/div>\n<\/div>\n<div class=\"one_half testimonial_column_element animated2 last\">\n<div class=\"testimonial_image animated\" data-animation=\"bigEntrance\"><img decoding=\"async\" class=\"team_pic\" src=\"https:\/\/www.miguel-arranz.com\/wp-content\/uploads\/2019\/02\/miguel-arranz-photography38478-150x150.jpg\" alt=\"\"\/><\/div>\n<div class=\"testimonial_content\">Miguel und sein Team sind wunderbar, aufmerksam und professionell. Sowohl in der Vorbereitung, w\u00e4hrend des Events und im Nachgang zeigte er und sein Team sich flexibel doch so gleich zuverl\u00e4ssig. Sie sind auf unsere W\u00fcnsche eingegangen und das Ergebnis ist beeindruckend. Die Fotos sind nat\u00fcrlich und eine bleibende Erinnerung! Linda &amp; Dev.<\/div>\n<\/div>\n<div class=\"one_half testimonial_column_element animated3 \">\n<div class=\"testimonial_image animated\" data-animation=\"bigEntrance\"><img decoding=\"async\" class=\"team_pic\" src=\"https:\/\/www.miguel-arranz.com\/wp-content\/uploads\/2019\/03\/Alfonso-y-carme-testimonio-miguel-arranz-150x150.jpg\" alt=\"\"\/><\/div>\n<div class=\"testimonial_content\">Buenas tardes, Miguel, como estas? Te escribo primero para decirte que tanto Carmen como yo hemos quedado encantados con el trabajo que hab\u00e9is hecho con nuestro reportaje de bodas, nos hartamos de llorar cada vez que vemos las fotos. Estamos muy felices con el trabajo que hab\u00e9is realizado. Quer\u00eda transmitiros nuestra m\u00e1s sincera opinion. Un fuerte abrazo. Alfonso &amp; Carmen.<\/div>\n<\/div>\n<div class=\"one_half testimonial_column_element animated4 last\">\n<div class=\"testimonial_image animated\" data-animation=\"bigEntrance\"><img decoding=\"async\" class=\"team_pic\" src=\"https:\/\/www.miguel-arranz.com\/wp-content\/uploads\/2023\/02\/miguel-arranz-photography58723-150x150.jpg\" alt=\"\"\/><\/div>\n<div class=\"testimonial_content\">We chose Miguel to photograph our wedding day and we could have not chosen any better! We are so delighted with our pictures and the way they tell the story of our big day! We can even read what we were saying or was actually happening from just looking at them. He didn&#8217;t only take beautiful pictures, he managed to photograph the emotions of the day. He also made sure everyone that attended the wedding got a shot at some point, this way we will always have a clear memory of who shared our day with us. What I find amazing is how he captured so many beutiful momemts at the same time we didn&#8217;t feel overwhelmed by having someone photographing us, I would even say that most of the time we didn&#8217;t feel his presence which that&#8217;s another art on its own!<br \/>\nHe is also really nice as a person, really easy to deal with. I definitely would recommend his services! Thanks so much Miguel!! Anna &#038; Gary <\/div>\n<\/div>\n<div class=\"one_half testimonial_column_element animated5 \">\n<div class=\"testimonial_image animated\" data-animation=\"bigEntrance\"><img decoding=\"async\" class=\"team_pic\" src=\"https:\/\/www.miguel-arranz.com\/wp-content\/uploads\/2023\/02\/maphoto-88052-150x150.jpg\" alt=\"\"\/><\/div>\n<div class=\"testimonial_content\">We can not recommend Miguel enough. We relive the best weekend of our lives though these photos. He worked with us for our pre-boda as well as the wedding which was nice for the flow of our photos and to get to know him. All of our other vendors knew and respected Miguel and were thrilled he was shooting the event. I can\u2019t speak more highly of our wedding photography. Chelsea &amp; Philipp<\/div>\n<\/div>\n<div class=\"one_half testimonial_column_element animated6 last\">\n<div class=\"testimonial_image animated\" data-animation=\"bigEntrance\"><img decoding=\"async\" class=\"team_pic\" src=\"https:\/\/www.miguel-arranz.com\/wp-content\/uploads\/2023\/03\/miguel-arranz-photography244642-150x150.jpg\" alt=\"\"\/><\/div>\n<div class=\"testimonial_content\">&nbsp;<\/p>\n<p>Miguel you captured our dream day so beautifully. Joe and I will forever be grateful. This will be one of the most precious memories we will hold. Thank you so much Miguel ! Sara &amp; Joe<\/p><\/div>\n<\/div>\n<div class=\"one_half testimonial_column_element animated7 \">\n<div class=\"testimonial_image animated\" data-animation=\"bigEntrance\"><img decoding=\"async\" class=\"team_pic\" src=\"https:\/\/www.miguel-arranz.com\/wp-content\/uploads\/2019\/02\/miguel.arranz-slider-home-1-1-150x150.jpg\" alt=\"\"\/><\/div>\n<div class=\"testimonial_content\">Miguel was excellent from the beginning until the end. He made us feel incredibly confident and comfortable which was for us really important. The result was an amazing set of pictures and a great experience. We are really happy to have chosen him and we will do it again in further occasions! He is close, lovely and friendly and an excellent professional! Carmen &amp; William<\/div>\n<\/div>\n<div class=\"one_half testimonial_column_element animated8 last\">\n<div class=\"testimonial_image animated\" data-animation=\"bigEntrance\"><img decoding=\"async\" class=\"team_pic\" src=\"https:\/\/www.miguel-arranz.com\/wp-content\/uploads\/2024\/01\/Miguel-Arranz-Wedding-Photographer-Mallorca-7705-150x150.jpg\" alt=\"\"\/><\/div>\n<div class=\"testimonial_content\">I loved working with Miguel and I highly recommend working with him to capture your big day! Throughout the whole process, Miguel was very responsive, attentive, and showed genuine interest in working with us and our ideas. My fianc\u00e9 and I are from the U.S, so it was a little challenging to plan an elopement in another country, but Miguel was extremely helpful and gave great recommendations to vendors in Mallorca. On the day of the elopement, Miguel was punctual, and made us feel very comfortable. He captured many genuine, raw, and authentic moments\/emotions. We absolutely loved all of our pictures! Vy &amp; Stephen<\/div>\n<\/div>\n<div class=\"one_half testimonial_column_element animated9 \">\n<div class=\"testimonial_image animated\" data-animation=\"bigEntrance\"><img decoding=\"async\" class=\"team_pic\" src=\"https:\/\/www.miguel-arranz.com\/wp-content\/uploads\/2019\/04\/2668-150x150.jpg\" alt=\"\"\/><\/div>\n<div class=\"testimonial_content\">Todo un profesional de los pies a la cabeza, flexible a todo lo que le pidas. Nosotros hicimos el preboda en Londres y el d\u00eda de la boda acabamos en un burguer king haci\u00e9ndonos fotos. Estamos content\u00edsimos de haberle contratado a \u00e9l para que hiciese nuestro reportaje. SUSAN &amp; FRAN<\/div>\n<\/div>\n<div class=\"one_half testimonial_column_element animated10 last\">\n<div class=\"testimonial_image animated\" data-animation=\"bigEntrance\"><img decoding=\"async\" class=\"team_pic\" src=\"https:\/\/www.miguel-arranz.com\/wp-content\/uploads\/2019\/01\/miguel.arranz-info-bodas-03-150x150.jpg\" alt=\"\"\/><\/div>\n<div class=\"testimonial_content\">\u00a1Sin duda uno de los mejores fot\u00f3grafos de Mallorca! \u00c9l nos hizo en Mallorca el reportaje preboda, la boda, y el postboda e incluso se ha venido a Formentera para hacernos las fotos de la luna de miel. Estamos super contentos con sus servicios. \u00c9l conoc\u00eda muy bien el lugar donde nos cas\u00e1bamos (Cap Rocat) y las mejores locations de la isla para hacernos las fotos. IRENE &amp; MIKAEL<\/div>\n<\/div>\n<div class=\"one_half testimonial_column_element animated11 \">\n<div class=\"testimonial_image animated\" data-animation=\"bigEntrance\"><img decoding=\"async\" class=\"team_pic\" src=\"https:\/\/www.miguel-arranz.com\/wp-content\/uploads\/2019\/02\/MY-S-miguel.arranz-wedding-photographer-105-150x150.jpg\" alt=\"\"\/><\/div>\n<div class=\"testimonial_content\">Hola Miguel, hemos visto las fotos y nos encaaaaaantan! son s\u00faper bonitas y estamos mega felices de que t\u00fa nos hayas hecho las fotos de nuestra boda! No podemos parar de mirarlas! Nos has dejado con la boca abierta! Qu\u00e9 bonitas! Y qu\u00e9 alegr\u00eda de tener un recuerdo tan bueno de los d\u00edas de la boda! Much\u00edsimas gracias y seguro que volvemos a contactarte si tenemos que hacer otro shooting en Mallorca.<br \/>\nTodos est\u00e1n muy encantados con las fotos, contigo y el equipo! No paran de decir que la boda fue inolvidable para todos y que hab\u00e9is hecho un excelente trabajo! Estamos en contacto! Un abrazo muy fuerte de SEBASTIAN Y MARTINA<\/div>\n<\/div>\n<div class=\"one_half testimonial_column_element animated12 last\">\n<div class=\"testimonial_image animated\" data-animation=\"bigEntrance\"><img decoding=\"async\" class=\"team_pic\" src=\"https:\/\/www.miguel-arranz.com\/wp-content\/uploads\/2019\/02\/miguel.arranz-slider-home-15-150x150.jpg\" alt=\"\"\/><\/div>\n<div class=\"testimonial_content\">Sin ninguna duda volver\u00edamos a elegir a Miguel como nuestro fot\u00f3grafo un mill\u00f3n de veces. Desde el minuto uno nos hizo sentir especiales pero sobre todo c\u00f3modos, cosa que es muy importante a la hora de hacer las fotograf\u00edas. Desde el reportaje pre-boda que para nosotros fue \u00fanico y especial, hasta nuestro Gran d\u00eda!!, Miguel paso totalmente desapercibido, \u00c9l estuvo all\u00ed como uno m\u00e1s. El resultado final nos ha dejado boquiabiertos, unas imagines que transmiten y definen nuestro d\u00eda a la perfecci\u00f3n. Mil gracias! CRIS &amp; TOM<\/div>\n<\/div>\n<div class=\"one_half testimonial_column_element animated13 \">\n<div class=\"testimonial_image animated\" data-animation=\"bigEntrance\"><img decoding=\"async\" class=\"team_pic\" src=\"https:\/\/www.miguel-arranz.com\/wp-content\/uploads\/2019\/02\/miguel.arranz-412-150x150.jpg\" alt=\"\"\/><\/div>\n<div class=\"testimonial_content\">\u201cMiguel, the photos are absolutely GORGEOUS! Making me so emotional. Thank you so much for your very talented work \u201d We were very lucky to have Miquel Arranz to photograph our wedding and the pre-wedding party. He captured all the emotions and special moments in a beautiful natural and stylized way. He paid close attention to details that were important to us. The photographs have turned out to be the most wonderful memories we will keep forever! ANTHEA &amp; SALVA<\/div>\n<\/div>\n<div class=\"one_half testimonial_column_element animated14 last\">\n<div class=\"testimonial_image animated\" data-animation=\"bigEntrance\"><img decoding=\"async\" class=\"team_pic\" src=\"https:\/\/www.miguel-arranz.com\/wp-content\/uploads\/2019\/01\/miguel.arranz-info-bodas-08-150x150.jpg\" alt=\"\"\/><\/div>\n<div class=\"testimonial_content\">Miguel and his team perfectly captured every detail of our wedding, often surprising us by catching the tiniest of details. It was such a pleasure to work with him. He listened to us and understood everything we wanted, and he was always willing to go a step beyond. Thanks to him we have a beautiful collection of photos that bring back the loveliest of memories. I would recommend him to everyone&#8230; hiring him and his team was the best decision we made! GIMENA &amp; ARNAU<\/div>\n<\/div>\n<div class=\"one_half testimonial_column_element animated15 \">\n<div class=\"testimonial_image animated\" data-animation=\"bigEntrance\"><img decoding=\"async\" class=\"team_pic\" src=\"https:\/\/www.miguel-arranz.com\/wp-content\/uploads\/2019\/02\/vanesa-miguel.arranz-wedding-photographer-153-150x150.jpg\" alt=\"\"\/><\/div>\n<div class=\"testimonial_content\">Hola Miguel!!! Las fotos est\u00e1n INCRE\u00cdBLES nos sacaron l\u00e1grimas. Excelente trabajo, totalmente espectacular!! Gracias de todo coraz\u00f3n. VANESSA &amp; ALEXANDER<\/div>\n<\/div>\n<div class=\"one_half testimonial_column_element animated16 last\">\n<div class=\"testimonial_image animated\" data-animation=\"bigEntrance\"><img decoding=\"async\" class=\"team_pic\" src=\"https:\/\/www.miguel-arranz.com\/wp-content\/uploads\/2020\/02\/Shasha-y-Alex-mallorca-wedding-photographer250-150x150.jpg\" alt=\"\"\/><\/div>\n<div class=\"testimonial_content\">Hace unos cuantos a\u00f1os comenc\u00e9 a seguir su trabajo, enamorada de su forma de captar los momentos. Cuando lleg\u00f3 el d\u00eda de planear mi boda, sin duda quise que fuera \u00e9l nuestro fot\u00f3grafo. Las casualidades de la vida hicieron que acab\u00e1ramos trabajando con su mujer (nuestra s\u00faper Wedding Planner Marian Clavel), y por ende, nos fue un poquito m\u00e1s f\u00e1cil llegar hasta \u00e9l. Sin duda volver\u00eda a elegirlo mil veces. Es una persona muy cercana, sabe transmitir tranquilidad, y ayuda a estar tranquilo y disfrutar de las fotos. Su trabajo es excelente, sus fotos son de verdad, muy muy especiales. No podr\u00edamos estar m\u00e1s contentos. Sasha y Alex.<\/div>\n<\/div>\n<div class=\"one_half testimonial_column_element animated17 \">\n<div class=\"testimonial_image animated\" data-animation=\"bigEntrance\"><img decoding=\"async\" class=\"team_pic\" src=\"https:\/\/www.miguel-arranz.com\/wp-content\/uploads\/2019\/02\/miguel.arranz-slider-home-6-150x150.jpg\" alt=\"\"\/><\/div>\n<div class=\"testimonial_content\">Hola Miguel!!!<\/p>\n<div><\/div>\n<div>Tio muchas gracias por el \u00e1lbum y por toda tu paciencia!!!<\/div>\n<div><\/div>\n<div>Nos encant\u00f3 todo! Las fotos nos emocionan cada vez que las volvemos a ver con la familia.<\/div>\n<div><\/div>\n<div>La verdad es que quedamos encantados con todo todo todo!!!<\/div>\n<div><\/div>\n<div>Bueno espero que podamos coincidir en otra ocasi\u00f3n, ya sabes si os anim\u00e1is a venir por este lado del mundo ten\u00e9is casa en Guayaquil ????<\/div>\n<div><\/div>\n<div>Un beso enorme!!<\/div>\n<\/div>\n<\/div>\n<div class=\"one_half testimonial_column_element animated18 last\">\n<div class=\"testimonial_image animated\" data-animation=\"bigEntrance\"><img decoding=\"async\" class=\"team_pic\" src=\"https:\/\/www.miguel-arranz.com\/wp-content\/uploads\/2020\/02\/Miguel-Arranz-Wedding-Photographer-slider-home-6-150x150.jpg\" alt=\"\"\/><\/div>\n<div class=\"testimonial_content\">Miguel es un gran profesional que se implica mucho en lo que hace. Es capaz de captar nuestros gustos y plasmarlos en fotograf\u00edas incre\u00edbles. Adem\u00e1s es muy cercano y te hace sentir muy c\u00f3modo en la sesi\u00f3n de fotos, teniendo ideas muy buenas y esforz\u00e1ndose mucho por sacar el mejor plano. Sin duda fue un acierto elegir a Miguel para hacer las fotos de nuestra boda, un recuerdo maravilloso para toda la vida. Laura y Ruben.<\/div>\n<\/div>\n<div class=\"one_half testimonial_column_element animated19 \">\n<div class=\"testimonial_image animated\" data-animation=\"bigEntrance\"><img decoding=\"async\" class=\"team_pic\" src=\"https:\/\/www.miguel-arranz.com\/wp-content\/uploads\/2020\/02\/Miguel-Arranz-Wedding-Photographer-slider-home-2-150x150.jpg\" alt=\"\"\/><\/div>\n<div class=\"testimonial_content\">Miguel is an attentive and professional photographer, he knew how to capture the energy of our wedding, and take the pictures we expected.<br \/>\nSuper recommendable! Max &amp; Ludo<\/div>\n<\/div>\n<\/div>\n<\/div>\n<\/div>\n<\/div>\n<\/div>\n<div class=\"divider one\">&nbsp;<\/div>\n<div class=\"standard_wrapper\">\n<div  class=\"one\" style=\"padding:30px 0 30px 0;\" >\n<div class=\"page_content_wrapper\">\n<div class=\"inner\">\n<div class=\"one_half\">\n<div class=\"image_classic_frame expand\">\n<div class=\"image_wrapper\"><img decoding=\"async\" src=\"https:\/\/www.miguel-arranz.com\/wp-content\/uploads\/2024\/01\/Miguel-Arranz-Wedding-Photographer-Mallorca-6808.jpg\" alt=\"\" class=\"preview\"\/><\/div>\n<\/div>\n<\/div>\n<div class=\"one_half last\">\n<div class=\"image_classic_frame expand\">\n<div class=\"image_wrapper\"><img decoding=\"async\" src=\"https:\/\/www.miguel-arranz.com\/wp-content\/uploads\/2024\/01\/365872miguel.arranz.weddingphotographer.jpg\" alt=\"\" class=\"preview\"\/><\/div>\n<\/div>\n<\/div>\n<\/div>\n<\/div>\n<\/div>\n<\/div>\n<div  class=\"one withsmallpadding ppb_text\" style=\"padding:30px 0 30px 0;\" >\n<div class=\"standard_wrapper\">\n<div class=\"page_content_wrapper\">\n<div class=\"inner\">\n<div style=\"margin:auto;width:100%\">\n<p><strong><em>Fot\u00f3grafo de bodas afincado en Palma de Mallorca desde 2014, documentando hermosas historias de amor con una combinaci\u00f3n \u00fanica de fotoperiodismo y fotograf\u00eda art\u00edstica. Destino Bodas Espa\u00f1a.<\/em><\/strong><br \/>\n<img loading=\"lazy\" decoding=\"async\" class=\"wp-image-1885 aligncenter\" src=\"https:\/\/www.miguel-arranz.com\/wp-content\/uploads\/2019\/01\/firma-about-me.png\" alt=\"\" width=\"270\" height=\"133\" \/><\/p>\n<\/div>\n<\/div>\n<\/div>\n<\/div>\n<\/div>\n","protected":false},"excerpt":{"rendered":"","protected":false},"author":1,"featured_media":0,"parent":0,"menu_order":0,"comment_status":"closed","ping_status":"closed","template":"","meta":{"_exactmetrics_skip_tracking":false,"_exactmetrics_sitenote_active":false,"_exactmetrics_sitenote_note":"","_exactmetrics_sitenote_category":0,"footnotes":""},"class_list":["post-16305","page","type-page","status-publish","hentry"],"yoast_head":"<!-- This site is optimized with the Yoast SEO plugin v27.4 - https:\/\/yoast.com\/product\/yoast-seo-wordpress\/ -->\n<title>Algunos testimonios sobre mi trabajo<\/title>\n<meta name=\"description\" content=\"Sobre la fotograf\u00eda de mi boda. Testimonios reales. Bodas de destino Mallorca. Testimonios y opiniones reales sobre mi trabajo.\" \/>\n<meta name=\"robots\" content=\"index, follow, max-snippet:-1, max-image-preview:large, max-video-preview:-1\" \/>\n<link rel=\"canonical\" href=\"https:\/\/www.miguel-arranz.com\/es\/testimonios-bodas\/\" \/>\n<meta property=\"og:locale\" content=\"es_ES\" \/>\n<meta property=\"og:type\" content=\"article\" \/>\n<meta property=\"og:title\" content=\"Algunos testimonios sobre mi trabajo\" \/>\n<meta property=\"og:description\" content=\"Sobre la fotograf\u00eda de mi boda. Testimonios reales. Bodas de destino Mallorca. Testimonios y opiniones reales sobre mi trabajo.\" \/>\n<meta property=\"og:url\" content=\"https:\/\/www.miguel-arranz.com\/es\/testimonios-bodas\/\" \/>\n<meta property=\"og:site_name\" content=\"Wedding Photographer Mallorca Miguel Arranz\" \/>\n<meta property=\"article:publisher\" content=\"https:\/\/www.facebook.com\/miguelarranz.weddingphotographer\/\" \/>\n<meta property=\"article:modified_time\" content=\"2024-02-29T11:41:41+00:00\" \/>\n<meta property=\"og:image\" content=\"https:\/\/www.miguel-arranz.com\/wp-content\/uploads\/2019\/02\/maphoto-99715.jpg\" \/>\n<meta name=\"twitter:card\" content=\"summary_large_image\" \/>\n<meta name=\"twitter:label1\" content=\"Tiempo de lectura\" \/>\n\t<meta name=\"twitter:data1\" content=\"12 minutos\" \/>\n<!-- \/ Yoast SEO plugin. -->","yoast_head_json":{"title":"Algunos testimonios sobre mi trabajo","description":"Sobre la fotograf\u00eda de mi boda. Testimonios reales. Bodas de destino Mallorca. Testimonios y opiniones reales sobre mi trabajo.","robots":{"index":"index","follow":"follow","max-snippet":"max-snippet:-1","max-image-preview":"max-image-preview:large","max-video-preview":"max-video-preview:-1"},"canonical":"https:\/\/www.miguel-arranz.com\/es\/testimonios-bodas\/","og_locale":"es_ES","og_type":"article","og_title":"Algunos testimonios sobre mi trabajo","og_description":"Sobre la fotograf\u00eda de mi boda. Testimonios reales. Bodas de destino Mallorca. Testimonios y opiniones reales sobre mi trabajo.","og_url":"https:\/\/www.miguel-arranz.com\/es\/testimonios-bodas\/","og_site_name":"Wedding Photographer Mallorca Miguel Arranz","article_publisher":"https:\/\/www.facebook.com\/miguelarranz.weddingphotographer\/","article_modified_time":"2024-02-29T11:41:41+00:00","og_image":[{"url":"https:\/\/www.miguel-arranz.com\/wp-content\/uploads\/2019\/02\/maphoto-99715.jpg","type":"","width":"","height":""}],"twitter_card":"summary_large_image","twitter_misc":{"Tiempo de lectura":"12 minutos"},"schema":{"@context":"https:\/\/schema.org","@graph":[{"@type":"WebPage","@id":"https:\/\/www.miguel-arranz.com\/es\/testimonios-bodas\/","url":"https:\/\/www.miguel-arranz.com\/es\/testimonios-bodas\/","name":"Algunos testimonios sobre mi trabajo","isPartOf":{"@id":"https:\/\/www.miguel-arranz.com\/es\/#website"},"primaryImageOfPage":{"@id":"https:\/\/www.miguel-arranz.com\/es\/testimonios-bodas\/#primaryimage"},"image":{"@id":"https:\/\/www.miguel-arranz.com\/es\/testimonios-bodas\/#primaryimage"},"thumbnailUrl":"https:\/\/www.miguel-arranz.com\/wp-content\/uploads\/2019\/02\/maphoto-99715.jpg","datePublished":"2019-01-29T17:41:12+00:00","dateModified":"2024-02-29T11:41:41+00:00","description":"Sobre la fotograf\u00eda de mi boda. Testimonios reales. Bodas de destino Mallorca. Testimonios y opiniones reales sobre mi trabajo.","breadcrumb":{"@id":"https:\/\/www.miguel-arranz.com\/es\/testimonios-bodas\/#breadcrumb"},"inLanguage":"es","potentialAction":[{"@type":"ReadAction","target":["https:\/\/www.miguel-arranz.com\/es\/testimonios-bodas\/"]}]},{"@type":"ImageObject","inLanguage":"es","@id":"https:\/\/www.miguel-arranz.com\/es\/testimonios-bodas\/#primaryimage","url":"https:\/\/www.miguel-arranz.com\/wp-content\/uploads\/2019\/02\/maphoto-99715.jpg","contentUrl":"https:\/\/www.miguel-arranz.com\/wp-content\/uploads\/2019\/02\/maphoto-99715.jpg"},{"@type":"BreadcrumbList","@id":"https:\/\/www.miguel-arranz.com\/es\/testimonios-bodas\/#breadcrumb","itemListElement":[{"@type":"ListItem","position":1,"name":"Portada","item":"https:\/\/www.miguel-arranz.com\/es\/"},{"@type":"ListItem","position":2,"name":"Algunos testimonios sobre mi trabajo"}]},{"@type":"WebSite","@id":"https:\/\/www.miguel-arranz.com\/es\/#website","url":"https:\/\/www.miguel-arranz.com\/es\/","name":"Wedding Photographer Mallorca Miguel Arranz","description":"Luxury Wedding Photographer Mallorca","publisher":{"@id":"https:\/\/www.miguel-arranz.com\/es\/#organization"},"potentialAction":[{"@type":"SearchAction","target":{"@type":"EntryPoint","urlTemplate":"https:\/\/www.miguel-arranz.com\/es\/?s={search_term_string}"},"query-input":{"@type":"PropertyValueSpecification","valueRequired":true,"valueName":"search_term_string"}}],"inLanguage":"es"},{"@type":"Organization","@id":"https:\/\/www.miguel-arranz.com\/es\/#organization","name":"Miguel Arranz Wedding Photographer","url":"https:\/\/www.miguel-arranz.com\/es\/","logo":{"@type":"ImageObject","inLanguage":"es","@id":"https:\/\/www.miguel-arranz.com\/es\/#\/schema\/logo\/image\/","url":"https:\/\/www.miguel-arranz.com\/wp-content\/uploads\/2024\/03\/Logo-final.png","contentUrl":"https:\/\/www.miguel-arranz.com\/wp-content\/uploads\/2024\/03\/Logo-final.png","width":600,"height":425,"caption":"Miguel Arranz Wedding Photographer"},"image":{"@id":"https:\/\/www.miguel-arranz.com\/es\/#\/schema\/logo\/image\/"},"sameAs":["https:\/\/www.facebook.com\/miguelarranz.weddingphotographer\/","https:\/\/www.instagram.com\/miguel_arranz_photography\/"]}]}},"_links":{"self":[{"href":"https:\/\/www.miguel-arranz.com\/es\/wp-json\/wp\/v2\/pages\/16305","targetHints":{"allow":["GET"]}}],"collection":[{"href":"https:\/\/www.miguel-arranz.com\/es\/wp-json\/wp\/v2\/pages"}],"about":[{"href":"https:\/\/www.miguel-arranz.com\/es\/wp-json\/wp\/v2\/types\/page"}],"author":[{"embeddable":true,"href":"https:\/\/www.miguel-arranz.com\/es\/wp-json\/wp\/v2\/users\/1"}],"replies":[{"embeddable":true,"href":"https:\/\/www.miguel-arranz.com\/es\/wp-json\/wp\/v2\/comments?post=16305"}],"version-history":[{"count":3,"href":"https:\/\/www.miguel-arranz.com\/es\/wp-json\/wp\/v2\/pages\/16305\/revisions"}],"predecessor-version":[{"id":16314,"href":"https:\/\/www.miguel-arranz.com\/es\/wp-json\/wp\/v2\/pages\/16305\/revisions\/16314"}],"wp:attachment":[{"href":"https:\/\/www.miguel-arranz.com\/es\/wp-json\/wp\/v2\/media?parent=16305"}],"curies":[{"name":"wp","href":"https:\/\/api.w.org\/{rel}","templated":true}]}}